{"id":701,"date":"2011-05-20T18:49:43","date_gmt":"2011-05-21T01:49:43","guid":{"rendered":"http:\/\/wpthemetestdata.wordpress.com\/?page_id=701"},"modified":"2016-12-03T13:07:47","modified_gmt":"2016-12-03T12:07:47","slug":"home-page-boutique-sardinia","status":"publish","type":"page","link":"http:\/\/www.boutiquesardinia.com\/it\/","title":{"rendered":"Home Page Boutique Sardinia"},"content":{"rendered":"<p>Boutique Sardinia nasce in modo quasi spontaneo. Nei nostri piccoli alberghi \u00e8 molto frequente fermarsi a scambiare 4 chiacchiere con gli ospiti.<\/p>\n<p>Oppure chi viaggia lasciando un p\u00f2 di spazio all\u2019avventura e chi riesce a partire senza aver pianificato ogni spostamento e ogni hotel spesso si ferma a chiedere consigli sulla prossima tappa, e sul prossimo hotel e sulla prossima zona da visitare. Cos\u00ec \u00e8 nata una rete di hotel che si \u00e8 creata naturalmente, parlando con gli ospiti e ascoltando le loro esperienze per poi consigliarle ad altri viaggiatori. Fino al giorno che non ci siamo incontrati e abbiamo gettato le basi del progetto.<\/p>\n<p>Gli hotel di Boutique Sardinia sono diversi fra loro, come le zone della Sardegna che li ospitano; alcuni sono fuori dalle rotte turistiche tradizionali, altri ricavati dal restauro di edifici storici, ma tutti che si contraddistinguono per una attenzione speciale al cliente, per una cura dei particolari, per la disponibilit\u00e0 a e per una reale passione per la storia, le tradizioni e la cultura della Sardegna.<\/p>\n<p>In tre parole: Autentica ospitalit\u00e1, con passione.<\/p>\n","protected":false},"excerpt":{"rendered":"<p>Boutique Sardinia nasce in modo quasi spontaneo. Nei nostri piccoli alberghi \u00e8 molto frequente fermarsi&#8230;<\/p>\n","protected":false},"author":1,"featured_media":0,"parent":0,"menu_order":0,"comment_status":"open","ping_status":"closed","template":"page.php","meta":{"_acf_changed":false,"footnotes":""},"class_list":["post-701","page","type-page","status-publish","hentry"],"acf":[],"yoast_head":"<!-- This site is optimized with the Yoast SEO plugin v23.9 - https:\/\/yoast.com\/wordpress\/plugins\/seo\/ -->\n<title>Boutique Hotel Sardinia | Boutique Hotel Sardinia Charme<\/title>\n<meta name=\"description\" content=\"Boutique Hotel Sardinia. Exclusive Selection of Boutique Hotels and Small Luxury Hotels in Sardinia. Book directly with Hotels!\" \/>\n<meta name=\"robots\" content=\"index, follow, max-snippet:-1, max-image-preview:large, max-video-preview:-1\" \/>\n<link rel=\"canonical\" href=\"http:\/\/www.boutiquesardinia.com\/it\/\" \/>\n<meta property=\"og:locale\" content=\"it_IT\" \/>\n<meta property=\"og:type\" content=\"article\" \/>\n<meta property=\"og:title\" content=\"Boutique Sardinia\" \/>\n<meta property=\"og:description\" content=\"Gli hotel di Boutique Sardinia sono diversi fra loro, come le zone della Sardegna che li ospitano; alcuni sono fuori dalle rotte turistiche tradizionali, altri ricavati dal restauro di edifici storici, ma tutti che si contraddistinguono per una attenzione speciale al cliente, per una cura dei particolari, per la disponibilit\u00e0 a e per una reale passione per la storia, le tradizioni e la cultura della Sardegna.\" \/>\n<meta property=\"og:url\" content=\"http:\/\/www.boutiquesardinia.com\/it\/\" \/>\n<meta property=\"og:site_name\" content=\"Boutique Sardinia\" \/>\n<meta property=\"article:modified_time\" content=\"2016-12-03T12:07:47+00:00\" \/>\n<meta property=\"og:image\" content=\"http:\/\/boutiquesardinia.com\/content\/uploads\/2016\/03\/fb-social-share.jpg\" \/>\n<meta name=\"twitter:card\" content=\"summary_large_image\" \/>\n<meta name=\"twitter:label1\" content=\"Tempo di lettura stimato\" \/>\n\t<meta name=\"twitter:data1\" content=\"1 minuto\" \/>\n<script type=\"application\/ld+json\" class=\"yoast-schema-graph\">{\"@context\":\"https:\/\/schema.org\",\"@graph\":[{\"@type\":\"WebPage\",\"@id\":\"http:\/\/www.boutiquesardinia.com\/it\/\",\"url\":\"http:\/\/www.boutiquesardinia.com\/it\/\",\"name\":\"Boutique Hotel Sardinia | Boutique Hotel Sardinia Charme\",\"isPartOf\":{\"@id\":\"https:\/\/www.boutiquesardinia.com\/#website\"},\"datePublished\":\"2011-05-21T01:49:43+00:00\",\"dateModified\":\"2016-12-03T12:07:47+00:00\",\"description\":\"Boutique Hotel Sardinia. Exclusive Selection of Boutique Hotels and Small Luxury Hotels in Sardinia. Book directly with Hotels!\",\"breadcrumb\":{\"@id\":\"http:\/\/www.boutiquesardinia.com\/it\/#breadcrumb\"},\"inLanguage\":\"it-IT\",\"potentialAction\":[{\"@type\":\"ReadAction\",\"target\":[\"http:\/\/www.boutiquesardinia.com\/it\/\"]}]},{\"@type\":\"BreadcrumbList\",\"@id\":\"http:\/\/www.boutiquesardinia.com\/it\/#breadcrumb\",\"itemListElement\":[{\"@type\":\"ListItem\",\"position\":1,\"name\":\"Home\",\"item\":\"http:\/\/www.boutiquesardinia.com\/it\/\"},{\"@type\":\"ListItem\",\"position\":2,\"name\":\"Home Page Boutique Sardinia\"}]},{\"@type\":\"WebSite\",\"@id\":\"https:\/\/www.boutiquesardinia.com\/#website\",\"url\":\"https:\/\/www.boutiquesardinia.com\/\",\"name\":\"Boutique Sardinia\",\"description\":\"Boutique Sardinia\",\"potentialAction\":[{\"@type\":\"SearchAction\",\"target\":{\"@type\":\"EntryPoint\",\"urlTemplate\":\"https:\/\/www.boutiquesardinia.com\/?s={search_term_string}\"},\"query-input\":{\"@type\":\"PropertyValueSpecification\",\"valueRequired\":true,\"valueName\":\"search_term_string\"}}],\"inLanguage\":\"it-IT\"}]}<\/script>\n<!-- \/ Yoast SEO plugin. -->","yoast_head_json":{"title":"Boutique Hotel Sardinia | Boutique Hotel Sardinia Charme","description":"Boutique Hotel Sardinia. Exclusive Selection of Boutique Hotels and Small Luxury Hotels in Sardinia. Book directly with Hotels!","robots":{"index":"index","follow":"follow","max-snippet":"max-snippet:-1","max-image-preview":"max-image-preview:large","max-video-preview":"max-video-preview:-1"},"canonical":"http:\/\/www.boutiquesardinia.com\/it\/","og_locale":"it_IT","og_type":"article","og_title":"Boutique Sardinia","og_description":"Gli hotel di Boutique Sardinia sono diversi fra loro, come le zone della Sardegna che li ospitano; alcuni sono fuori dalle rotte turistiche tradizionali, altri ricavati dal restauro di edifici storici, ma tutti che si contraddistinguono per una attenzione speciale al cliente, per una cura dei particolari, per la disponibilit\u00e0 a e per una reale passione per la storia, le tradizioni e la cultura della Sardegna.","og_url":"http:\/\/www.boutiquesardinia.com\/it\/","og_site_name":"Boutique Sardinia","article_modified_time":"2016-12-03T12:07:47+00:00","og_image":[{"url":"http:\/\/boutiquesardinia.com\/content\/uploads\/2016\/03\/fb-social-share.jpg"}],"twitter_card":"summary_large_image","twitter_misc":{"Tempo di lettura stimato":"1 minuto"},"schema":{"@context":"https:\/\/schema.org","@graph":[{"@type":"WebPage","@id":"http:\/\/www.boutiquesardinia.com\/it\/","url":"http:\/\/www.boutiquesardinia.com\/it\/","name":"Boutique Hotel Sardinia | Boutique Hotel Sardinia Charme","isPartOf":{"@id":"https:\/\/www.boutiquesardinia.com\/#website"},"datePublished":"2011-05-21T01:49:43+00:00","dateModified":"2016-12-03T12:07:47+00:00","description":"Boutique Hotel Sardinia. Exclusive Selection of Boutique Hotels and Small Luxury Hotels in Sardinia. Book directly with Hotels!","breadcrumb":{"@id":"http:\/\/www.boutiquesardinia.com\/it\/#breadcrumb"},"inLanguage":"it-IT","potentialAction":[{"@type":"ReadAction","target":["http:\/\/www.boutiquesardinia.com\/it\/"]}]},{"@type":"BreadcrumbList","@id":"http:\/\/www.boutiquesardinia.com\/it\/#breadcrumb","itemListElement":[{"@type":"ListItem","position":1,"name":"Home","item":"http:\/\/www.boutiquesardinia.com\/it\/"},{"@type":"ListItem","position":2,"name":"Home Page Boutique Sardinia"}]},{"@type":"WebSite","@id":"https:\/\/www.boutiquesardinia.com\/#website","url":"https:\/\/www.boutiquesardinia.com\/","name":"Boutique Sardinia","description":"Boutique Sardinia","potentialAction":[{"@type":"SearchAction","target":{"@type":"EntryPoint","urlTemplate":"https:\/\/www.boutiquesardinia.com\/?s={search_term_string}"},"query-input":{"@type":"PropertyValueSpecification","valueRequired":true,"valueName":"search_term_string"}}],"inLanguage":"it-IT"}]}},"_links":{"self":[{"href":"http:\/\/www.boutiquesardinia.com\/it\/wp-json\/wp\/v2\/pages\/701","targetHints":{"allow":["GET"]}}],"collection":[{"href":"http:\/\/www.boutiquesardinia.com\/it\/wp-json\/wp\/v2\/pages"}],"about":[{"href":"http:\/\/www.boutiquesardinia.com\/it\/wp-json\/wp\/v2\/types\/page"}],"author":[{"embeddable":true,"href":"http:\/\/www.boutiquesardinia.com\/it\/wp-json\/wp\/v2\/users\/1"}],"replies":[{"embeddable":true,"href":"http:\/\/www.boutiquesardinia.com\/it\/wp-json\/wp\/v2\/comments?post=701"}],"version-history":[{"count":3,"href":"http:\/\/www.boutiquesardinia.com\/it\/wp-json\/wp\/v2\/pages\/701\/revisions"}],"predecessor-version":[{"id":3566,"href":"http:\/\/www.boutiquesardinia.com\/it\/wp-json\/wp\/v2\/pages\/701\/revisions\/3566"}],"wp:attachment":[{"href":"http:\/\/www.boutiquesardinia.com\/it\/wp-json\/wp\/v2\/media?parent=701"}],"curies":[{"name":"wp","href":"https:\/\/api.w.org\/{rel}","templated":true}]}}