{"id":2632,"date":"2015-12-14T15:44:50","date_gmt":"2015-12-14T14:44:50","guid":{"rendered":"http:\/\/boutiquesardinia2.mouseartigrafiche.com\/?page_id=2632"},"modified":"2016-05-07T06:41:17","modified_gmt":"2016-05-07T04:41:17","slug":"rete-sardegna-boutique-hotel","status":"publish","type":"page","link":"http:\/\/www.boutiquesardinia.com\/it\/rete-sardegna-boutique-hotel\/","title":{"rendered":"Il progetto"},"content":{"rendered":"<p>Boutique Sardinia nasce in modo quasi spontaneo. Nei nostri piccoli alberghi \u00e8 molto frequente fermarsi a scambiare 4 chiacchiere con gli ospiti.<\/p>\n<p>Oppure chi viaggia lasciando un p\u00f2 di spazio all&#8217;avventura e chi riesce a partire senza aver pianificato ogni spostamento e ogni hotel spesso si ferma a chiedere consigli sulla prossima tappa, e sul prossimo hotel e sulla prossima zona da visitare. Cos\u00ec \u00e8 nata una rete di hotel che si \u00e8 creata naturalmente, parlando con gli ospiti e ascoltando le loro esperienze per poi consigliarle ad altri viaggiatori. Fino al giorno che non ci siamo incontrati e abbiamo gettato le basi del progetto.<\/p>\n<p>Gli hotel di Boutique Sardinia sono diversi fra loro, come le zone della Sardegna che li ospitano; alcuni sono fuori dalle rotte turistiche tradizionali, altri ricavati dal restauro di edifici storici, ma tutti si contraddistinguono per un&#8217;attenzione speciale al cliente, per una cura dei particolari, per la disponibilit\u00e0 e per una reale passione per la storia, le tradizioni e la cultura della Sardegna.<\/p>\n<p>In tre parole: Autentica ospitalit\u00e1, con passione.<\/p>\n","protected":false},"excerpt":{"rendered":"<p>Boutique Sardinia nasce in modo quasi spontaneo. Nei nostri piccoli alberghi \u00e8 molto frequente fermarsi&#8230;<\/p>\n","protected":false},"author":1,"featured_media":0,"parent":0,"menu_order":0,"comment_status":"closed","ping_status":"closed","template":"page-OLD.php","meta":{"_acf_changed":false,"footnotes":""},"class_list":["post-2632","page","type-page","status-publish","hentry"],"acf":[],"yoast_head":"<!-- This site is optimized with the Yoast SEO plugin v23.9 - https:\/\/yoast.com\/wordpress\/plugins\/seo\/ -->\n<title>Sardegna Boutique Hotel | Relais, Hotel charme, hotel design, resort<\/title>\n<meta name=\"description\" content=\"Sardegna Boutique Hotel. Boutique Sardinia \u00e8 la rete di ospitalit\u00e0 autentica della Sardegna. Piccoli hotel di lusso, charming hotel, country hotel a prenotazione diretta.\" \/>\n<meta name=\"robots\" content=\"index, follow, max-snippet:-1, max-image-preview:large, max-video-preview:-1\" \/>\n<link rel=\"canonical\" href=\"http:\/\/www.boutiquesardinia.com\/it\/rete-sardegna-boutique-hotel\/\" \/>\n<meta property=\"og:locale\" content=\"it_IT\" \/>\n<meta property=\"og:type\" content=\"article\" \/>\n<meta property=\"og:title\" content=\"Sardegna Boutique Hotel | Relais, Hotel charme, hotel design, resort\" \/>\n<meta property=\"og:description\" content=\"Sardegna Boutique Hotel. Boutique Sardinia \u00e8 la rete di ospitalit\u00e0 autentica della Sardegna. Piccoli hotel di lusso, charming hotel, country hotel a prenotazione diretta.\" \/>\n<meta property=\"og:url\" content=\"http:\/\/www.boutiquesardinia.com\/it\/rete-sardegna-boutique-hotel\/\" \/>\n<meta property=\"og:site_name\" content=\"Boutique Sardinia\" \/>\n<meta property=\"article:modified_time\" content=\"2016-05-07T04:41:17+00:00\" \/>\n<meta name=\"twitter:card\" content=\"summary_large_image\" \/>\n<meta name=\"twitter:label1\" content=\"Tempo di lettura stimato\" \/>\n\t<meta name=\"twitter:data1\" content=\"1 minuto\" \/>\n<script type=\"application\/ld+json\" class=\"yoast-schema-graph\">{\"@context\":\"https:\/\/schema.org\",\"@graph\":[{\"@type\":\"WebPage\",\"@id\":\"http:\/\/www.boutiquesardinia.com\/it\/rete-sardegna-boutique-hotel\/\",\"url\":\"http:\/\/www.boutiquesardinia.com\/it\/rete-sardegna-boutique-hotel\/\",\"name\":\"Sardegna Boutique Hotel | Relais, Hotel charme, hotel design, resort\",\"isPartOf\":{\"@id\":\"http:\/\/www.boutiquesardinia.com\/it\/#website\"},\"datePublished\":\"2015-12-14T14:44:50+00:00\",\"dateModified\":\"2016-05-07T04:41:17+00:00\",\"description\":\"Sardegna Boutique Hotel. Boutique Sardinia \u00e8 la rete di ospitalit\u00e0 autentica della Sardegna. Piccoli hotel di lusso, charming hotel, country hotel a prenotazione diretta.\",\"breadcrumb\":{\"@id\":\"http:\/\/www.boutiquesardinia.com\/it\/rete-sardegna-boutique-hotel\/#breadcrumb\"},\"inLanguage\":\"it-IT\",\"potentialAction\":[{\"@type\":\"ReadAction\",\"target\":[\"http:\/\/www.boutiquesardinia.com\/it\/rete-sardegna-boutique-hotel\/\"]}]},{\"@type\":\"BreadcrumbList\",\"@id\":\"http:\/\/www.boutiquesardinia.com\/it\/rete-sardegna-boutique-hotel\/#breadcrumb\",\"itemListElement\":[{\"@type\":\"ListItem\",\"position\":1,\"name\":\"Home\",\"item\":\"http:\/\/www.boutiquesardinia.com\/it\/\"},{\"@type\":\"ListItem\",\"position\":2,\"name\":\"Il progetto\"}]},{\"@type\":\"WebSite\",\"@id\":\"http:\/\/www.boutiquesardinia.com\/it\/#website\",\"url\":\"http:\/\/www.boutiquesardinia.com\/it\/\",\"name\":\"Boutique Sardinia\",\"description\":\"Boutique Sardinia\",\"potentialAction\":[{\"@type\":\"SearchAction\",\"target\":{\"@type\":\"EntryPoint\",\"urlTemplate\":\"http:\/\/www.boutiquesardinia.com\/it\/?s={search_term_string}\"},\"query-input\":{\"@type\":\"PropertyValueSpecification\",\"valueRequired\":true,\"valueName\":\"search_term_string\"}}],\"inLanguage\":\"it-IT\"}]}<\/script>\n<!-- \/ Yoast SEO plugin. -->","yoast_head_json":{"title":"Sardegna Boutique Hotel | Relais, Hotel charme, hotel design, resort","description":"Sardegna Boutique Hotel. Boutique Sardinia \u00e8 la rete di ospitalit\u00e0 autentica della Sardegna. Piccoli hotel di lusso, charming hotel, country hotel a prenotazione diretta.","robots":{"index":"index","follow":"follow","max-snippet":"max-snippet:-1","max-image-preview":"max-image-preview:large","max-video-preview":"max-video-preview:-1"},"canonical":"http:\/\/www.boutiquesardinia.com\/it\/rete-sardegna-boutique-hotel\/","og_locale":"it_IT","og_type":"article","og_title":"Sardegna Boutique Hotel | Relais, Hotel charme, hotel design, resort","og_description":"Sardegna Boutique Hotel. Boutique Sardinia \u00e8 la rete di ospitalit\u00e0 autentica della Sardegna. Piccoli hotel di lusso, charming hotel, country hotel a prenotazione diretta.","og_url":"http:\/\/www.boutiquesardinia.com\/it\/rete-sardegna-boutique-hotel\/","og_site_name":"Boutique Sardinia","article_modified_time":"2016-05-07T04:41:17+00:00","twitter_card":"summary_large_image","twitter_misc":{"Tempo di lettura stimato":"1 minuto"},"schema":{"@context":"https:\/\/schema.org","@graph":[{"@type":"WebPage","@id":"http:\/\/www.boutiquesardinia.com\/it\/rete-sardegna-boutique-hotel\/","url":"http:\/\/www.boutiquesardinia.com\/it\/rete-sardegna-boutique-hotel\/","name":"Sardegna Boutique Hotel | Relais, Hotel charme, hotel design, resort","isPartOf":{"@id":"http:\/\/www.boutiquesardinia.com\/it\/#website"},"datePublished":"2015-12-14T14:44:50+00:00","dateModified":"2016-05-07T04:41:17+00:00","description":"Sardegna Boutique Hotel. Boutique Sardinia \u00e8 la rete di ospitalit\u00e0 autentica della Sardegna. Piccoli hotel di lusso, charming hotel, country hotel a prenotazione diretta.","breadcrumb":{"@id":"http:\/\/www.boutiquesardinia.com\/it\/rete-sardegna-boutique-hotel\/#breadcrumb"},"inLanguage":"it-IT","potentialAction":[{"@type":"ReadAction","target":["http:\/\/www.boutiquesardinia.com\/it\/rete-sardegna-boutique-hotel\/"]}]},{"@type":"BreadcrumbList","@id":"http:\/\/www.boutiquesardinia.com\/it\/rete-sardegna-boutique-hotel\/#breadcrumb","itemListElement":[{"@type":"ListItem","position":1,"name":"Home","item":"http:\/\/www.boutiquesardinia.com\/it\/"},{"@type":"ListItem","position":2,"name":"Il progetto"}]},{"@type":"WebSite","@id":"http:\/\/www.boutiquesardinia.com\/it\/#website","url":"http:\/\/www.boutiquesardinia.com\/it\/","name":"Boutique Sardinia","description":"Boutique Sardinia","potentialAction":[{"@type":"SearchAction","target":{"@type":"EntryPoint","urlTemplate":"http:\/\/www.boutiquesardinia.com\/it\/?s={search_term_string}"},"query-input":{"@type":"PropertyValueSpecification","valueRequired":true,"valueName":"search_term_string"}}],"inLanguage":"it-IT"}]}},"_links":{"self":[{"href":"http:\/\/www.boutiquesardinia.com\/it\/wp-json\/wp\/v2\/pages\/2632","targetHints":{"allow":["GET"]}}],"collection":[{"href":"http:\/\/www.boutiquesardinia.com\/it\/wp-json\/wp\/v2\/pages"}],"about":[{"href":"http:\/\/www.boutiquesardinia.com\/it\/wp-json\/wp\/v2\/types\/page"}],"author":[{"embeddable":true,"href":"http:\/\/www.boutiquesardinia.com\/it\/wp-json\/wp\/v2\/users\/1"}],"replies":[{"embeddable":true,"href":"http:\/\/www.boutiquesardinia.com\/it\/wp-json\/wp\/v2\/comments?post=2632"}],"version-history":[{"count":6,"href":"http:\/\/www.boutiquesardinia.com\/it\/wp-json\/wp\/v2\/pages\/2632\/revisions"}],"predecessor-version":[{"id":3573,"href":"http:\/\/www.boutiquesardinia.com\/it\/wp-json\/wp\/v2\/pages\/2632\/revisions\/3573"}],"wp:attachment":[{"href":"http:\/\/www.boutiquesardinia.com\/it\/wp-json\/wp\/v2\/media?parent=2632"}],"curies":[{"name":"wp","href":"https:\/\/api.w.org\/{rel}","templated":true}]}}